{"id":272,"date":"2021-03-13T17:35:37","date_gmt":"2021-03-13T16:35:37","guid":{"rendered":"http:\/\/les-ruches-de-la-limagne.ovh\/?page_id=272"},"modified":"2023-02-22T11:45:45","modified_gmt":"2023-02-22T10:45:45","slug":"nous-rencontrez","status":"publish","type":"page","link":"https:\/\/les-ruches-de-la-limagne.ovh\/?page_id=272","title":{"rendered":"Nous rencontrez"},"content":{"rendered":"<strong>Mercredi<\/strong>\n\n<!-- \/wp:post-content --> <!-- wp:paragraph -->\n<ul>\n \t<li><strong>Aulnat<\/strong> 9h- 12h , place de l&#8217;\u00e9glise .<\/li>\n \t<li><strong>Culhat<\/strong> 17h &#8211; 19h Les 1er Mercredi du mois, place de l&#8217;\u00e9glise .<\/li>\n<\/ul>\n<!-- \/wp:paragraph --> <!-- wp:paragraph -->\n\n<strong>Vendredi<\/strong>\n\n<!-- \/wp:paragraph --> <!-- wp:list -->\n<ul>\n \t<li><strong>Malintrat<\/strong> 16h &#8211; 19h Semaine Paire<\/li>\n \t<li>\n<p class=\"qrShPb kno-ecr-pt PZPZlf q8U8x\" data-dtype=\"d3ifr\" data-local-attribute=\"d3bn\" data-attrid=\"title\" data-ved=\"2ahUKEwiI0LiK-aj9AhX_TaQEHVXfDY0Q3B0oAHoECCsQAQ\"><strong>Bussi\u00e8res-et-Pruns <\/strong>16h &#8211; 19h Semaine Impaire<\/p>\n<\/li>\n \t<li><strong>Pont du ch\u00e2teau<\/strong> les 1et Vendredi Du mois, De 17h a 20h place de la mairie .<\/li>\n<\/ul>\n<strong>Samedi\u00a0<\/strong>\n<ul>\n \t<li>Lempdes place de l&#8217;\u00e9glise de 9h00 a 12h30 .<\/li>\n<\/ul>\n<h3>Sur Rdv chez nous<\/h3>\nDu lundi au Samedi . Prise de contact par mail ou T\u00e9l\u00e9phone .","protected":false},"excerpt":{"rendered":"<p>Mercredi Aulnat 9h- 12h , place de l&#8217;\u00e9glise . Culhat 17h &#8211; 19h Les 1er Mercredi du mois, place de l&#8217;\u00e9glise . Vendredi Malintrat 16h &#8211; 19h Semaine Paire Bussi\u00e8res-et-Pruns 16h &#8211; 19h Semaine Impaire Pont du ch\u00e2teau les 1et Vendredi Du mois, De 17h a 20h place de la [&hellip;]<\/p>\n","protected":false},"author":1,"featured_media":295,"parent":0,"menu_order":0,"comment_status":"closed","ping_status":"closed","template":"","meta":{"footnotes":""},"class_list":["post-272","page","type-page","status-publish","has-post-thumbnail","hentry"],"aioseo_notices":[],"_links":{"self":[{"href":"https:\/\/les-ruches-de-la-limagne.ovh\/index.php?rest_route=\/wp\/v2\/pages\/272","targetHints":{"allow":["GET"]}}],"collection":[{"href":"https:\/\/les-ruches-de-la-limagne.ovh\/index.php?rest_route=\/wp\/v2\/pages"}],"about":[{"href":"https:\/\/les-ruches-de-la-limagne.ovh\/index.php?rest_route=\/wp\/v2\/types\/page"}],"author":[{"embeddable":true,"href":"https:\/\/les-ruches-de-la-limagne.ovh\/index.php?rest_route=\/wp\/v2\/users\/1"}],"replies":[{"embeddable":true,"href":"https:\/\/les-ruches-de-la-limagne.ovh\/index.php?rest_route=%2Fwp%2Fv2%2Fcomments&post=272"}],"version-history":[{"count":4,"href":"https:\/\/les-ruches-de-la-limagne.ovh\/index.php?rest_route=\/wp\/v2\/pages\/272\/revisions"}],"predecessor-version":[{"id":503,"href":"https:\/\/les-ruches-de-la-limagne.ovh\/index.php?rest_route=\/wp\/v2\/pages\/272\/revisions\/503"}],"wp:featuredmedia":[{"embeddable":true,"href":"https:\/\/les-ruches-de-la-limagne.ovh\/index.php?rest_route=\/wp\/v2\/media\/295"}],"wp:attachment":[{"href":"https:\/\/les-ruches-de-la-limagne.ovh\/index.php?rest_route=%2Fwp%2Fv2%2Fmedia&parent=272"}],"curies":[{"name":"wp","href":"https:\/\/api.w.org\/{rel}","templated":true}]}}