{"id":367,"date":"2022-02-16T11:22:37","date_gmt":"2022-02-16T10:22:37","guid":{"rendered":"http:\/\/les-ruches-de-la-limagne.ovh\/?page_id=367"},"modified":"2024-09-19T11:24:48","modified_gmt":"2024-09-19T09:24:48","slug":"une-ruche-dans-votre-entreprise-avec-ecobee","status":"publish","type":"page","link":"https:\/\/les-ruches-de-la-limagne.ovh\/?page_id=367","title":{"rendered":"Une ruche dans votre Entreprise"},"content":{"rendered":"\n<p>Les ruches de la limagne installe une ou plusieurs ruches dans votre entreprise .<\/p>\n\n\n\n<p>Donnez du sens \u00e0 votre d\u00e9marche RSE. En accueillant des abeilles sur votre site, vous participez \u00e0 la sauvegarde de la biodiversit\u00e9 et am\u00e9liorez votre image de marque.<\/p>\n\n\n\n<p><\/p>\n\n\n\n<p>Offrez \u00e0 vos collaborateurs et clients une exp\u00e9rience unique et responsable. D\u00e9gustations, ateliers apiculture&#8230; transformez votre entreprise en un v\u00e9ritable havre de paix<\/p>\n\n\n\n<p><strong>Ils nous on fait confiance et travail avec nous .<\/strong><\/p>\n\n\n\n<figure class=\"wp-block-image size-full\"><img loading=\"lazy\" decoding=\"async\" width=\"300\" height=\"168\" src=\"http:\/\/les-ruches-de-la-limagne.ovh\/wp-content\/uploads\/2024\/09\/PARTENAIRE.png\" alt=\"\" class=\"wp-image-582\"\/><\/figure>\n\n\n\n<p>Aucune contre-indication \u00e0 installer des ruches sur des sites industriels sp\u00e9cialis\u00e9s; les abeilles y font un miel en quantit\u00e9 et en qualit\u00e9.<\/p>\n","protected":false},"excerpt":{"rendered":"<p>Les ruches de la limagne installe une ou plusieurs ruches dans votre entreprise . Donnez du sens \u00e0 votre d\u00e9marche RSE. En accueillant des abeilles sur votre site, vous participez \u00e0 la sauvegarde de la biodiversit\u00e9 et am\u00e9liorez votre image de marque. Offrez \u00e0 vos collaborateurs et clients une exp\u00e9rience [&hellip;]<\/p>\n","protected":false},"author":1,"featured_media":0,"parent":0,"menu_order":0,"comment_status":"closed","ping_status":"closed","template":"","meta":{"footnotes":""},"class_list":["post-367","page","type-page","status-publish","hentry"],"aioseo_notices":[],"_links":{"self":[{"href":"https:\/\/les-ruches-de-la-limagne.ovh\/index.php?rest_route=\/wp\/v2\/pages\/367","targetHints":{"allow":["GET"]}}],"collection":[{"href":"https:\/\/les-ruches-de-la-limagne.ovh\/index.php?rest_route=\/wp\/v2\/pages"}],"about":[{"href":"https:\/\/les-ruches-de-la-limagne.ovh\/index.php?rest_route=\/wp\/v2\/types\/page"}],"author":[{"embeddable":true,"href":"https:\/\/les-ruches-de-la-limagne.ovh\/index.php?rest_route=\/wp\/v2\/users\/1"}],"replies":[{"embeddable":true,"href":"https:\/\/les-ruches-de-la-limagne.ovh\/index.php?rest_route=%2Fwp%2Fv2%2Fcomments&post=367"}],"version-history":[{"count":3,"href":"https:\/\/les-ruches-de-la-limagne.ovh\/index.php?rest_route=\/wp\/v2\/pages\/367\/revisions"}],"predecessor-version":[{"id":583,"href":"https:\/\/les-ruches-de-la-limagne.ovh\/index.php?rest_route=\/wp\/v2\/pages\/367\/revisions\/583"}],"wp:attachment":[{"href":"https:\/\/les-ruches-de-la-limagne.ovh\/index.php?rest_route=%2Fwp%2Fv2%2Fmedia&parent=367"}],"curies":[{"name":"wp","href":"https:\/\/api.w.org\/{rel}","templated":true}]}}