{"id":39,"date":"2020-08-17T18:58:35","date_gmt":"2020-08-17T16:58:35","guid":{"rendered":"http:\/\/les-ruches-de-la-limagne.ovh\/?page_id=39"},"modified":"2026-03-09T10:20:50","modified_gmt":"2026-03-09T09:20:50","slug":"nos-essaims","status":"publish","type":"page","link":"https:\/\/les-ruches-de-la-limagne.ovh\/?page_id=39","title":{"rendered":"Nos essaims"},"content":{"rendered":"\n<p>Pour r\u00e9server vos essaims et reines pour 2026, <a href=\"https:\/\/resa.lesruchesdelalimagne.fr\/\" target=\"_blank\" rel=\"noopener\" title=\"\"><strong>&#8211;> https:\/\/resa.lesruchesdelalimagne.fr\/<\/strong><\/a><\/p>\n\n\n\n<p><\/p>\n\n\n\n<p><strong>Tarif <\/strong>2026<\/p>\n\n\n\n<p><\/p>\n\n\n\n<p>Reine F\u00e9cond\u00e9 au ruch\u00e9 satur\u00e9 en m\u00e2le Buckfast s\u00e9lectionn\u00e9s .<\/p>\n\n\n\n<p>Reines vierge Disponible tout les Samedi et Mardi. a partir du 15 Avril. 10\u20ac <\/p>\n\n\n\n<p>Reines F\u00e9cond\u00e9s Disponible tout les Samedi A partir du 30 Avril. 35\u20ac<\/p>\n\n\n\n<p>Reines Ins\u00e9min\u00e9 Single Drone 100\u20ac De Juin a Septembre .<\/p>\n\n\n\n<p>Reines Ins\u00e9min\u00e9 8 a 10 drones 180\u20ac de juin a Septembre<\/p>\n\n\n\n<p><strong><em>Souches: <\/em><\/strong>et lign\u00e9es disponible pour la saison 2025 -2026<\/p>\n\n\n\n<p>Buckfast <\/p>\n\n\n\n<p><strong> Fr-Jra-A-022-2024  ( Lign\u00e9 primorsky)<\/strong><\/p>\n\n\n\n<p>Douceur 5, essaimage 5, Tenue au cadre 4, Miel 5, nettoyage 4<\/p>\n\n\n\n<p><strong>Fr-Ng-A-0076-2021 \/A879(CBP) ( Lign\u00e9 Anatolica)<\/strong><\/p>\n\n\n\n<p> Douceur 4, essaimage 5, Tenue au cadre 4, Miel 4, nettoyage 5 <\/p>\n\n\n\n<p><strong>Fr-Jra-T131-2023 (Lign\u00e9 macedonica)<\/strong><\/p>\n\n\n\n<p>Douceur 5, essaimage 3, Tenue au cadre 5, Miel 5, nettoyage 5<\/p>\n\n\n\n<p><\/p>\n\n\n\n<p>Nos p\u00e9digr\u00e9es sont disponible sur <a href=\"https:\/\/www.index-mellifera.org\/queen\/FR-JRA-A-0176-2021\/\">index m\u00e9llif\u00e9ra <\/a><\/p>\n\n\n\n<figure class=\"wp-block-embed\"><div class=\"wp-block-embed__wrapper\">\nhttps:\/\/www.index-mellifera.org\/breeder\/1116\n<\/div><\/figure>\n\n\n\n<figure class=\"wp-block-image size-large\"><img loading=\"lazy\" decoding=\"async\" width=\"768\" height=\"1024\" src=\"http:\/\/les-ruches-de-la-limagne.ovh\/wp-content\/uploads\/2020\/08\/ruche-768x1024.jpg\" alt=\"\" class=\"wp-image-10\" srcset=\"https:\/\/les-ruches-de-la-limagne.ovh\/wp-content\/uploads\/2020\/08\/ruche-768x1024.jpg 768w, https:\/\/les-ruches-de-la-limagne.ovh\/wp-content\/uploads\/2020\/08\/ruche-600x800.jpg 600w, https:\/\/les-ruches-de-la-limagne.ovh\/wp-content\/uploads\/2020\/08\/ruche-225x300.jpg 225w, https:\/\/les-ruches-de-la-limagne.ovh\/wp-content\/uploads\/2020\/08\/ruche-1152x1536.jpg 1152w, https:\/\/les-ruches-de-la-limagne.ovh\/wp-content\/uploads\/2020\/08\/ruche.jpg 1200w\" sizes=\"auto, (max-width: 768px) 100vw, 768px\" \/><\/figure>\n\n\n\n<figure class=\"wp-block-image size-large\"><img loading=\"lazy\" decoding=\"async\" width=\"793\" height=\"511\" src=\"http:\/\/les-ruches-de-la-limagne.ovh\/wp-content\/uploads\/2020\/08\/reines-91_1_1.jpg\" alt=\"\" class=\"wp-image-8\" srcset=\"https:\/\/les-ruches-de-la-limagne.ovh\/wp-content\/uploads\/2020\/08\/reines-91_1_1.jpg 793w, https:\/\/les-ruches-de-la-limagne.ovh\/wp-content\/uploads\/2020\/08\/reines-91_1_1-600x387.jpg 600w, https:\/\/les-ruches-de-la-limagne.ovh\/wp-content\/uploads\/2020\/08\/reines-91_1_1-300x193.jpg 300w, https:\/\/les-ruches-de-la-limagne.ovh\/wp-content\/uploads\/2020\/08\/reines-91_1_1-768x495.jpg 768w\" sizes=\"auto, (max-width: 793px) 100vw, 793px\" \/><\/figure>\n","protected":false},"excerpt":{"rendered":"<p>Pour r\u00e9server vos essaims et reines pour 2026, &#8211;> https:\/\/resa.lesruchesdelalimagne.fr\/ Tarif 2026 Reine F\u00e9cond\u00e9 au ruch\u00e9 satur\u00e9 en m\u00e2le Buckfast s\u00e9lectionn\u00e9s . Reines vierge Disponible tout les Samedi et Mardi. a partir du 15 Avril. 10\u20ac Reines F\u00e9cond\u00e9s Disponible tout les Samedi A partir du 30 Avril. 35\u20ac Reines Ins\u00e9min\u00e9 [&hellip;]<\/p>\n","protected":false},"author":1,"featured_media":10,"parent":0,"menu_order":0,"comment_status":"closed","ping_status":"closed","template":"","meta":{"footnotes":""},"class_list":["post-39","page","type-page","status-publish","has-post-thumbnail","hentry"],"aioseo_notices":[],"_links":{"self":[{"href":"https:\/\/les-ruches-de-la-limagne.ovh\/index.php?rest_route=\/wp\/v2\/pages\/39","targetHints":{"allow":["GET"]}}],"collection":[{"href":"https:\/\/les-ruches-de-la-limagne.ovh\/index.php?rest_route=\/wp\/v2\/pages"}],"about":[{"href":"https:\/\/les-ruches-de-la-limagne.ovh\/index.php?rest_route=\/wp\/v2\/types\/page"}],"author":[{"embeddable":true,"href":"https:\/\/les-ruches-de-la-limagne.ovh\/index.php?rest_route=\/wp\/v2\/users\/1"}],"replies":[{"embeddable":true,"href":"https:\/\/les-ruches-de-la-limagne.ovh\/index.php?rest_route=%2Fwp%2Fv2%2Fcomments&post=39"}],"version-history":[{"count":16,"href":"https:\/\/les-ruches-de-la-limagne.ovh\/index.php?rest_route=\/wp\/v2\/pages\/39\/revisions"}],"predecessor-version":[{"id":674,"href":"https:\/\/les-ruches-de-la-limagne.ovh\/index.php?rest_route=\/wp\/v2\/pages\/39\/revisions\/674"}],"wp:featuredmedia":[{"embeddable":true,"href":"https:\/\/les-ruches-de-la-limagne.ovh\/index.php?rest_route=\/wp\/v2\/media\/10"}],"wp:attachment":[{"href":"https:\/\/les-ruches-de-la-limagne.ovh\/index.php?rest_route=%2Fwp%2Fv2%2Fmedia&parent=39"}],"curies":[{"name":"wp","href":"https:\/\/api.w.org\/{rel}","templated":true}]}}