{"id":55,"date":"2020-08-17T19:24:46","date_gmt":"2020-08-17T17:24:46","guid":{"rendered":"http:\/\/les-ruches-de-la-limagne.ovh\/?page_id=55"},"modified":"2025-09-17T15:05:10","modified_gmt":"2025-09-17T13:05:10","slug":"apitherapie","status":"publish","type":"page","link":"https:\/\/les-ruches-de-la-limagne.ovh\/?page_id=55","title":{"rendered":"Apith\u00e9rapie, D\u00e9couvrir le miel et ses bienfaits"},"content":{"rendered":"\n<h2 class=\"wp-block-heading\"><strong>L&#8217;apith\u00e9rapie, les bienfaits du miel au service de la sant\u00e9.<\/strong><\/h2>\n\n\n\n<p>Depuis longtemps l&#8217;homme a compris que les abeilles pouvaient \u00eatre un alli\u00e9 pr\u00e9cieux pour la lutte contre les maladies et leur pr\u00e9vention. Aliment \u00e9nerg\u00e9tique, moins connu pour ses vertus antibact\u00e9riennes, anti-inflammatoires et antioxydantes, la liste des bienfaits du miel est longue.<\/p>\n\n\n\n<h2 class=\"wp-block-heading\"><strong>Les bienfaits du miel<\/strong><\/h2>\n\n\n\n<p>Dans de nombreux pays, le miel est utilis\u00e9 depuis toujours comme rem\u00e8de, soit \u00e0 l&#8217;\u00e9tat pur, soit m\u00e9lang\u00e9 \u00e0 des plantes.<\/p>\n\n\n\n<p>En France, chacun conna\u00eet les <strong>bienfaits du miel <\/strong>ou des bonbons au miel pour soulager les maux de gorge.<\/p>\n\n\n\n<p>Certains miels sont connus pour leurs propri\u00e9t\u00e9s laxatives, d&#8217;autres pour gu\u00e9rir les br\u00fblures, les inflammations&#8230; <\/p>\n\n\n\n<p>Aujourd&#8217;hui, la pharmacop\u00e9e commence \u00e0 s&#8217;int\u00e9resser de plus pr\u00e8s aux <strong>bienfaits du miel<\/strong> que connaissaient nos anciens depuis longtemps.<\/p>\n\n\n\n<h2 class=\"wp-block-heading\"><strong>L&#8217;apith\u00e9rapie : une m\u00e9decine douce<\/strong><\/h2>\n\n\n\n<p>L&#8217;apith\u00e9rapie consiste \u00e0 gu\u00e9rir de nombreux maux gr\u00e2ce aux <strong>bienfaits du miel<\/strong> et de ses produits d\u00e9riv\u00e9s.<\/p>\n\n\n\n<ul class=\"wp-block-list\"><li><em>Le miel est un aliment \u00e9nerg\u00e9tique recherch\u00e9 par les sportifs avec son sucre facilement utilisable et ses 310 kcal pour 100 grammes.<\/em><\/li><\/ul>\n\n\n\n<p><strong>Les propri\u00e9t\u00e9s du miel sont multiples<\/strong>&nbsp;: antibact\u00e9rien, anti-inflammatoire,&nbsp; antioxydants (qui r\u00e9duisent la formation des radicaux libres responsables du vieillissement).<\/p>\n\n\n\n<p>Le miel am\u00e9liore la r\u00e9tention du calcium et du magn\u00e9sium ainsi que le taux sanguin d&#8217;h\u00e9moglobine. En milieu hospitalier, un miel sp\u00e9cialement pr\u00e9par\u00e9 et standardis\u00e9 pour sa puret\u00e9 bact\u00e9rienne est utilis\u00e9 pour la cicatrisation.<\/p>\n\n\n\n<h2 class=\"wp-block-heading\"><strong>A chaque type de miel ses bienfaits<\/strong><\/h2>\n\n\n\n<p>Suite \u00e0 un contr\u00f4le de la R\u00e9pression des Fraudes le 14 juin 2019, nous avons d\u00fb supprimer de notre site la liste des bienfaits du miel. Il nous a \u00e9t\u00e9&nbsp;mentionn\u00e9 en effet, que l&#8217;utilisation d&#8217;all\u00e9gations sant\u00e9 pour qualifier le miel n&#8217;\u00e9tant pas autoris\u00e9e par la loi, constituait une pratique commerciale trompeuse, agissement illicite au sens du code de la consommation.<br><strong>Le miel est pourtant utilis\u00e9 depuis l&#8217;Antiquit\u00e9\u2026<\/strong><\/p>\n\n\n\n<p><strong>Il n&#8217;est donc pas autoris\u00e9 d&#8217;all\u00e9gations nutritionnelles et de sant\u00e9 concernant le miel et tout autre produit de la ruche<\/strong> <a rel=\"noreferrer noopener\" href=\"https:\/\/eur-lex.europa.eu\/LexUriServ\/LexUriServ.do?uri=OJ:L:2007:012:0003:0018:FR:PDF\" target=\"_blank\">(article 14 du r\u00e8glement 1924\/2006)<\/a>, <strong>toutefois si<\/strong> <strong>l&#8217;on consulte le site de l&#8217;apith\u00e9rapie francophone, on y trouvera les renseignements sur le miel&nbsp;<\/strong>&nbsp;<a href=\"http:\/\/www.api-phytotherapie.fr\/les%20produits%20de%20la%20ruche\/Le%20miel.html\">ICI&nbsp;Apith\u00e9rapie Francophone&nbsp;<\/a><\/p>\n\n\n\n<p><\/p>\n\n\n\n<h2 class=\"wp-block-heading\"><strong>Indications th\u00e9rapeutiques des miels que nous produisons en Auvergne <\/strong><img loading=\"lazy\" decoding=\"async\" src=\"http:\/\/www.api-phytotherapie.fr\/les%20produits%20de%20la%20ruche\/images\/miel3.jpg\" alt=\"miel 3\" width=\"146\" height=\"131\"><\/h2>\n\n\n\n<p>&#8211; <strong>Miel d\u2019ACACIA&nbsp;<\/strong>: R\u00e9gulateur intestinal recommand\u00e9 pour les enfants.<\/p>\n\n\n\n<p>&#8211; <strong>Miel de CERISIER<\/strong>&nbsp;: Vertus diur\u00e9tiques.<\/p>\n\n\n\n<p>&#8211; <strong>Miel de CHATAIGNIER<\/strong> (Montagne) : Circulation sanguine, cicatrisant, fatigue.&nbsp; R\u00e9gulateur de la fonction cardiaque. Riche en min\u00e9raux&nbsp;: potassium, magn\u00e9sium, baryum, mangan\u00e8se.<\/p>\n\n\n\n<p>&#8211; <strong>Miel de COLZA(Printemps) <\/strong>: Contient du bore et du calcium.<\/p>\n\n\n\n<p>&#8211; <strong>Miel de LUZERNE<\/strong>&nbsp;: \u00c9nerg\u00e9tique, conseill\u00e9 aux sportifs et aux personnes fatigu\u00e9es ou convalescentes.<\/p>\n\n\n\n<p>&#8211; <strong>Miel de PISSENLIT<\/strong>&nbsp;: Vertus diur\u00e9tiques et h\u00e9pato-protectrices.<\/p>\n\n\n\n<p>&#8211; <strong>Miel de SAPIN<\/strong>&nbsp;: Voies respiratoires, maux de gorge. Egalement antian\u00e9mique, antiseptique et diur\u00e9tique. Riche en phosphore, potassium, calcium, soufre, magn\u00e9sium, zinc, bore et cuivre.<\/p>\n\n\n\n<p>&#8211; <strong>Miel de TILLEUL<\/strong>&nbsp;: Calmant (id\u00e9al avec une infusion), anxi\u00e9t\u00e9. Riche en potassium, calcium et&nbsp; mangan\u00e8se.&nbsp;<br>&nbsp;<br>&#8211; <strong>Miel de TOURNESOL<\/strong>&nbsp;: Circulation sanguine. Riche en oligo\u00e9l\u00e9ments tels que calcium, bore et&nbsp; silicium.<\/p>\n\n\n\n<p><strong>&#8211; Miel d&#8217;aubepine<\/strong>: Antispasmodique, le miel d&#8217;aub\u00e9pine est un s\u00e9datif nerveux. Il est conseill\u00e9 en cas de digestion difficile, et de troubles li\u00e9s au stress comme l&#8217;insomnie et les palpitations. Il est parfait dans une tisane pour se d\u00e9tendre avant la nuit.<\/p>\n\n\n\n<p><strong>&#8211; Miel de ch\u00e2taignier<\/strong>:  a plusieurs vertus sur l\u2019organisme. C\u2019est un produit riche en vitamines, en min\u00e9raux et en oligo-\u00e9l\u00e9ments (vitamines B et C, fer, magn\u00e9sium potassium, potassium, baryum, mangan\u00e8se, \u2026).<\/p>\n\n\n\n<p>Des vertus qui permettent au miel de ch\u00e2taignier de :<br>\u2013 stimuler et renforcer le syst\u00e8me immunitaire<br>\u2013 aider \u00e0 lutter contre la fatigue, vu sa forte teneur en fructose<br>\u2013 favoriser la circulation du sang<br>\u2013 faciliter la cicatrisation des plaies et des blessures<br>\u2013 ralentir le vieillissement des cellules, gr\u00e2ce \u00e0 sa teneur en antioxydants<br>\u2013 am\u00e9liorer le fonctionnement du foie et de l\u2019estomac<br>\u2013 contribuer \u00e0 traiter l\u2019acn\u00e9 (employ\u00e9 \u00e0 l\u2019\u00e9tat brut ou m\u00e9lang\u00e9 \u00e0 de la farine d\u2019avoine)<\/p>\n\n\n\n<p>Utilisation :<\/p>\n\n\n\n<p>Le miel peut \u00eatre utilis\u00e9 seul ou m\u00e9lang\u00e9 aux autres produits de la ruche. La consommation quotidienne conseill\u00e9e est de 15 \u00e0 30 grammes.<\/p>\n\n\n\n<p>Il peut \u00eatre m\u00e9lang\u00e9 \u00e0 des huiles essentielles : aromiel. Dans ce cas il sert de support d&#8217;assimilation tout en combinant les vertus de chacun des composants.&nbsp;&nbsp;&nbsp;<\/p>\n\n\n\n<p><\/p>\n\n\n\n<figure class=\"wp-block-image size-large\"><img loading=\"lazy\" decoding=\"async\" width=\"660\" height=\"777\" src=\"http:\/\/les-ruches-de-la-limagne.ovh\/wp-content\/uploads\/2020\/08\/fiche-miel.png\" alt=\"\" class=\"wp-image-9\" srcset=\"https:\/\/les-ruches-de-la-limagne.ovh\/wp-content\/uploads\/2020\/08\/fiche-miel.png 660w, https:\/\/les-ruches-de-la-limagne.ovh\/wp-content\/uploads\/2020\/08\/fiche-miel-600x706.png 600w, https:\/\/les-ruches-de-la-limagne.ovh\/wp-content\/uploads\/2020\/08\/fiche-miel-255x300.png 255w\" sizes=\"auto, (max-width: 660px) 100vw, 660px\" \/><\/figure>\n","protected":false},"excerpt":{"rendered":"<p>L&#8217;apith\u00e9rapie, les bienfaits du miel au service de la sant\u00e9. Depuis longtemps l&#8217;homme a compris que les abeilles pouvaient \u00eatre un alli\u00e9 pr\u00e9cieux pour la lutte contre les maladies et leur pr\u00e9vention. Aliment \u00e9nerg\u00e9tique, moins connu pour ses vertus antibact\u00e9riennes, anti-inflammatoires et antioxydantes, la liste des bienfaits du miel est [&hellip;]<\/p>\n","protected":false},"author":1,"featured_media":292,"parent":0,"menu_order":0,"comment_status":"open","ping_status":"closed","template":"","meta":{"footnotes":""},"class_list":["post-55","page","type-page","status-publish","has-post-thumbnail","hentry"],"aioseo_notices":[],"_links":{"self":[{"href":"https:\/\/les-ruches-de-la-limagne.ovh\/index.php?rest_route=\/wp\/v2\/pages\/55","targetHints":{"allow":["GET"]}}],"collection":[{"href":"https:\/\/les-ruches-de-la-limagne.ovh\/index.php?rest_route=\/wp\/v2\/pages"}],"about":[{"href":"https:\/\/les-ruches-de-la-limagne.ovh\/index.php?rest_route=\/wp\/v2\/types\/page"}],"author":[{"embeddable":true,"href":"https:\/\/les-ruches-de-la-limagne.ovh\/index.php?rest_route=\/wp\/v2\/users\/1"}],"replies":[{"embeddable":true,"href":"https:\/\/les-ruches-de-la-limagne.ovh\/index.php?rest_route=%2Fwp%2Fv2%2Fcomments&post=55"}],"version-history":[{"count":6,"href":"https:\/\/les-ruches-de-la-limagne.ovh\/index.php?rest_route=\/wp\/v2\/pages\/55\/revisions"}],"predecessor-version":[{"id":87,"href":"https:\/\/les-ruches-de-la-limagne.ovh\/index.php?rest_route=\/wp\/v2\/pages\/55\/revisions\/87"}],"wp:featuredmedia":[{"embeddable":true,"href":"https:\/\/les-ruches-de-la-limagne.ovh\/index.php?rest_route=\/wp\/v2\/media\/292"}],"wp:attachment":[{"href":"https:\/\/les-ruches-de-la-limagne.ovh\/index.php?rest_route=%2Fwp%2Fv2%2Fmedia&parent=55"}],"curies":[{"name":"wp","href":"https:\/\/api.w.org\/{rel}","templated":true}]}}