{"id":567,"date":"2024-08-23T11:47:24","date_gmt":"2024-08-23T09:47:24","guid":{"rendered":"https:\/\/les-ruches-de-la-limagne.ovh\/?page_id=567"},"modified":"2026-03-09T10:15:55","modified_gmt":"2026-03-09T09:15:55","slug":"reservations-essaims-hivernes-livraison-avril","status":"publish","type":"page","link":"https:\/\/les-ruches-de-la-limagne.ovh\/","title":{"rendered":"R\u00e9servations Essaims hivern\u00e9s Livraison avril."},"content":{"rendered":"\n<p>C&#8217;est le moment de r\u00e9server vos Essaims Hivern\u00e9s pour la saison 2025. Sur 6 cadres, avec reines F1 2024 avec p\u00e9digr\u00e9es. <a href=\"https:\/\/resa.lesruchesdelalimagne.fr\/\" target=\"_blank\" rel=\"noopener\" title=\"\"><strong>Pour r\u00e9server :&#8211;> https:\/\/resa.lesruchesdelalimagne.fr\/<\/strong><\/a><\/p>\n\n\n\n<h2 class=\"wp-block-heading\">Essaims d&#8217;abeilles Buckfast<\/h2>\n\n\n\n<h3 class=\"wp-block-heading\">Ruche Dadant : le choix classique pour les apiculteurs en France<\/h3>\n\n\n\n<p>Si vous \u00eates un apiculteur d\u00e9butant ou exp\u00e9riment\u00e9, la ruche Dadant est un choix judicieux pour produire du miel de qualit\u00e9. Nos essaims sont livr\u00e9s sur 6 cadres en Dadant, avec deux cadres non \u00e9tir\u00e9s pour minimiser les risques d&#8217;essaimage et de surchauffe durant le transport.<\/p>\n\n\n\n<h3 class=\"wp-block-heading\">Abeilles Buckfast : la race id\u00e9ale pour une apiculture facile<\/h3>\n\n\n\n<p>Nous \u00e9levons des abeilles Buckfast, reconnues pour leur douceur et leur productivit\u00e9. Elles sont moins enclines \u00e0 l&#8217;essaimage et leur pr\u00e9paration \u00e0 l&#8217;hivernage requiert moins d&#8217;attention. Les Buckfasts sont une race id\u00e9ale pour les apiculteurs d\u00e9butants ou ceux qui cherchent une apiculture facile et agr\u00e9able.<\/p>\n\n\n\n<h3 class=\"wp-block-heading\">Reines de pedigree \u00e9lev\u00e9es en France<\/h3>\n\n\n\n<p>Nos reines  F1 de pedigree sont \u00e9lev\u00e9es en France en Auverne. S\u00e9lectionn\u00e9es pour leur r\u00e9sistance aux maladies, leur faible consommation hivernale et leur production de miel . <\/p>\n\n\n\n<figure class=\"wp-block-gallery has-nested-images columns-default is-cropped wp-block-gallery-1 is-layout-flex wp-block-gallery-is-layout-flex\">\n<figure class=\"wp-block-image size-large\"><img loading=\"lazy\" decoding=\"async\" width=\"768\" height=\"1024\" data-id=\"10\" src=\"https:\/\/les-ruches-de-la-limagne.ovh\/wp-content\/uploads\/2020\/08\/ruche-768x1024.jpg\" alt=\"\" class=\"wp-image-10\" srcset=\"https:\/\/les-ruches-de-la-limagne.ovh\/wp-content\/uploads\/2020\/08\/ruche-768x1024.jpg 768w, https:\/\/les-ruches-de-la-limagne.ovh\/wp-content\/uploads\/2020\/08\/ruche-600x800.jpg 600w, https:\/\/les-ruches-de-la-limagne.ovh\/wp-content\/uploads\/2020\/08\/ruche-225x300.jpg 225w, https:\/\/les-ruches-de-la-limagne.ovh\/wp-content\/uploads\/2020\/08\/ruche-1152x1536.jpg 1152w, https:\/\/les-ruches-de-la-limagne.ovh\/wp-content\/uploads\/2020\/08\/ruche.jpg 1200w\" sizes=\"auto, (max-width: 768px) 100vw, 768px\" \/><\/figure>\n\n\n\n<figure class=\"wp-block-image size-large\"><img loading=\"lazy\" decoding=\"async\" width=\"793\" height=\"511\" data-id=\"8\" src=\"https:\/\/les-ruches-de-la-limagne.ovh\/wp-content\/uploads\/2020\/08\/reines-91_1_1.jpg\" alt=\"\" class=\"wp-image-8\" srcset=\"https:\/\/les-ruches-de-la-limagne.ovh\/wp-content\/uploads\/2020\/08\/reines-91_1_1.jpg 793w, https:\/\/les-ruches-de-la-limagne.ovh\/wp-content\/uploads\/2020\/08\/reines-91_1_1-600x387.jpg 600w, https:\/\/les-ruches-de-la-limagne.ovh\/wp-content\/uploads\/2020\/08\/reines-91_1_1-300x193.jpg 300w, https:\/\/les-ruches-de-la-limagne.ovh\/wp-content\/uploads\/2020\/08\/reines-91_1_1-768x495.jpg 768w\" sizes=\"auto, (max-width: 793px) 100vw, 793px\" \/><\/figure>\n<\/figure>\n","protected":false},"excerpt":{"rendered":"<p>C&#8217;est le moment de r\u00e9server vos Essaims Hivern\u00e9s pour la saison 2025. Sur 6 cadres, avec reines F1 2024 avec p\u00e9digr\u00e9es. Pour r\u00e9server :&#8211;> https:\/\/resa.lesruchesdelalimagne.fr\/ Essaims d&#8217;abeilles Buckfast Ruche Dadant : le choix classique pour les apiculteurs en France Si vous \u00eates un apiculteur d\u00e9butant ou exp\u00e9riment\u00e9, la ruche Dadant [&hellip;]<\/p>\n","protected":false},"author":1,"featured_media":243,"parent":0,"menu_order":0,"comment_status":"closed","ping_status":"closed","template":"","meta":{"footnotes":""},"class_list":["post-567","page","type-page","status-publish","has-post-thumbnail","hentry"],"aioseo_notices":[],"_links":{"self":[{"href":"https:\/\/les-ruches-de-la-limagne.ovh\/index.php?rest_route=\/wp\/v2\/pages\/567","targetHints":{"allow":["GET"]}}],"collection":[{"href":"https:\/\/les-ruches-de-la-limagne.ovh\/index.php?rest_route=\/wp\/v2\/pages"}],"about":[{"href":"https:\/\/les-ruches-de-la-limagne.ovh\/index.php?rest_route=\/wp\/v2\/types\/page"}],"author":[{"embeddable":true,"href":"https:\/\/les-ruches-de-la-limagne.ovh\/index.php?rest_route=\/wp\/v2\/users\/1"}],"replies":[{"embeddable":true,"href":"https:\/\/les-ruches-de-la-limagne.ovh\/index.php?rest_route=%2Fwp%2Fv2%2Fcomments&post=567"}],"version-history":[{"count":2,"href":"https:\/\/les-ruches-de-la-limagne.ovh\/index.php?rest_route=\/wp\/v2\/pages\/567\/revisions"}],"predecessor-version":[{"id":671,"href":"https:\/\/les-ruches-de-la-limagne.ovh\/index.php?rest_route=\/wp\/v2\/pages\/567\/revisions\/671"}],"wp:featuredmedia":[{"embeddable":true,"href":"https:\/\/les-ruches-de-la-limagne.ovh\/index.php?rest_route=\/wp\/v2\/media\/243"}],"wp:attachment":[{"href":"https:\/\/les-ruches-de-la-limagne.ovh\/index.php?rest_route=%2Fwp%2Fv2%2Fmedia&parent=567"}],"curies":[{"name":"wp","href":"https:\/\/api.w.org\/{rel}","templated":true}]}}