{"id":176,"date":"2020-11-18T15:37:41","date_gmt":"2020-11-18T14:37:41","guid":{"rendered":"http:\/\/les-ruches-de-la-limagne.ovh\/?post_type=product&#038;p=176"},"modified":"2021-03-14T10:38:46","modified_gmt":"2021-03-14T09:38:46","slug":"propolis-intense-teinture-mere-30ml-propolia","status":"publish","type":"product","link":"https:\/\/les-ruches-de-la-limagne.ovh\/?product=propolis-intense-teinture-mere-30ml-propolia","title":{"rendered":"Propolis Intense teinture mere 30ml Propolia"},"content":{"rendered":"<h2>Propolis Intense &#8211; teinture m\u00e8re 30 ml Propolia est un compl\u00e9ment alimentaire constitu\u00e9 d&#8217;une solution concentr\u00e9e de Propolis pour renforcer les d\u00e9fenses.<\/h2>\n<p>La Propolis, bien connue pour son action antiseptique dans la ruche, est la base de cette Teinture M\u00e8re Intense. Elle permet de maintenir les d\u00e9fenses et aide ainsi\u00a0l&#8217;organisme \u00e0 franchir les obstacles du quotidien.<br \/>\nLa Propolis est un bouclier protecteur pour l&#8217;abeille, mais aussi pour l&#8217;Homme. Ses vertus antiseptiques sont dues \u00e0 des flavono\u00efdes dont la galangine qu&#8217;elle contient.<br \/>\nLa Teinture M\u00e8re Propolis Intense de Propolia, concentr\u00e9e \u00e0 plus de 18 % de Propolis,\u00a0est un extrait d&#8217;antioxydants naturels compos\u00e9s notamment de flavono\u00efdes et d&#8217;acides ph\u00e9noliques.<br \/>\nPropolis Intense &#8211; teinture m\u00e8re 30 ml Propolia.<\/p>\n<p><em>CONSEILS D&#8217;UTILISATION<\/em><br \/>\n30 gouttes de Teinture M\u00e8re 1 \u00e0 3 fois par jour. Pour une utilisation optimale, m\u00e9langer les gouttes \u00e0 une cuill\u00e8re \u00e0 caf\u00e9 de miel ou les d\u00e9poser sur un morceau de sucre, de pain ou un biscuit. Ne pas d\u00e9passer la dose journali\u00e8re indiqu\u00e9e. La dose journali\u00e8re de 90 gouttes apporte 1970 mg d&#8217;extrait de Propolis.<\/p>\n<p><em>PR\u00c9CAUTIONS D&#8217;EMPLOI<\/em><br \/>\nCompl\u00e9ment alimentaire ne se substituant pas \u00e0 une alimentation vari\u00e9e et \u00e9quilibr\u00e9e, ni \u00e0 un mode de vie sain, ni \u00e0 un suivi m\u00e9dical. Ce produit n&#8217;est pas un m\u00e9dicament. Tenir hors de port\u00e9e des enfants. Ne pas utiliser chez les personnes allergiques aux produits de la ruche. D\u00e9conseill\u00e9 aux femmes enceintes et aux enfants de moins de 3 ans.<\/p>\n<p><em>COMPOSITION<\/em><br \/>\nExtrait purifi\u00e9 de Propolis Fran\u00e7aise, Solvants de l&#8217;extrait: alcool (60,7 % vol), eau.<\/p>\n<p><em>LABORATOIRE<\/em><br \/>\nApimab<\/p>\n<p><em>ANALYSE NUTRITIONNELLE<\/em><\/p>\n<div class=\"title\">Analyse moyenne<\/div>\n<table class=\"tableau\" width=\"330\" cellspacing=\"0\" cellpadding=\"0\" border=\"0\">\n<tbody>\n<tr>\n<td class=\"border\" width=\"70%\">Valeur nutritionnelle<\/td>\n<td class=\"border\" width=\"30%\">Pour 100 g<\/td>\n<\/tr>\n<tr>\n<td class=\"border\">Prot\u00e9ines<\/td>\n<td class=\"border\">0,2 g<\/td>\n<\/tr>\n<tr>\n<td class=\"border\">Glucides<\/td>\n<td class=\"border\">12,6 g<\/td>\n<\/tr>\n<tr>\n<td class=\"border\">Lipides<\/td>\n<td class=\"border\">0,05 g<\/td>\n<\/tr>\n<tr>\n<td class=\"border\">Valeurs caloriques<\/td>\n<td class=\"border\">52 kcal &#8211; 219 kj<\/td>\n<\/tr>\n<\/tbody>\n<\/table>\n","protected":false},"excerpt":{"rendered":"<p>Propolis Intense &#8211; teinture m\u00e8re 30 ml Propolia est un compl\u00e9ment alimentaire constitu\u00e9 d&#8217;une solution concentr\u00e9e de Propolis pour renforcer les d\u00e9fenses. La Propolis, bien connue pour son action antiseptique dans la ruche, est la base de cette Teinture M\u00e8re Intense. Elle permet de maintenir les d\u00e9fenses et aide ainsi\u00a0l&#8217;organisme [&hellip;]<\/p>\n","protected":false},"featured_media":177,"template":"","meta":[],"class_list":{"0":"post-176","1":"product","2":"type-product","3":"status-publish","4":"has-post-thumbnail","6":"product_cat-apitherapie","8":"first","9":"instock","10":"shipping-taxable","11":"purchasable","12":"product-type-simple"},"aioseo_notices":[],"_links":{"self":[{"href":"https:\/\/les-ruches-de-la-limagne.ovh\/index.php?rest_route=\/wp\/v2\/product\/176","targetHints":{"allow":["GET"]}}],"collection":[{"href":"https:\/\/les-ruches-de-la-limagne.ovh\/index.php?rest_route=\/wp\/v2\/product"}],"about":[{"href":"https:\/\/les-ruches-de-la-limagne.ovh\/index.php?rest_route=\/wp\/v2\/types\/product"}],"wp:featuredmedia":[{"embeddable":true,"href":"https:\/\/les-ruches-de-la-limagne.ovh\/index.php?rest_route=\/wp\/v2\/media\/177"}],"wp:attachment":[{"href":"https:\/\/les-ruches-de-la-limagne.ovh\/index.php?rest_route=%2Fwp%2Fv2%2Fmedia&parent=176"}],"curies":[{"name":"wp","href":"https:\/\/api.w.org\/{rel}","templated":true}]}}