{"id":178,"date":"2020-11-18T15:42:10","date_gmt":"2020-11-18T14:42:10","guid":{"rendered":"http:\/\/les-ruches-de-la-limagne.ovh\/?post_type=product&#038;p=178"},"modified":"2020-11-18T15:42:16","modified_gmt":"2020-11-18T14:42:16","slug":"gommes-de-propolis-bio","status":"publish","type":"product","link":"https:\/\/les-ruches-de-la-limagne.ovh\/?product=gommes-de-propolis-bio","title":{"rendered":"Gommes de Propolis Bio"},"content":{"rendered":"<div id=\"idTab1\" class=\"page-product-box\">\n<p>Gommes Propolis &#8211; Miel bio &#8211; 45 gr &#8211; Propolia sont des gommes de Propolis \u00e0 sucer.<\/p>\n<p>La Propolis conf\u00e8re aux gommes Propolis un r\u00e9el pouvoir d\u00e9gageant qui s&#8217;ajoute \u00e0 l&#8217;action adoucissante de la Gomme Arabique et du Miel. Ces gommes riches en ingr\u00e9dients bIo sont tr\u00e8s utiles d\u00e8s les premiers froids et en toutes circonstances pour apaiser la gorge.<\/p>\n<p><em>CONSEILS D&#8217;UTILISATION<\/em><br \/>\nSucer lentement 5 \u00e0 6 gommes par jour pendant 10 \u00e0 15 minutes et de fa\u00e7on continue. Ne pas d\u00e9passer la dose journali\u00e8re conseill\u00e9e.<\/p>\n<p><em>PR\u00c9CAUTIONS D&#8217;EMPLOI<\/em><br \/>\nCompl\u00e9ment alimentaire ne se substituant pas \u00e0 une alimentation vari\u00e9e et \u00e9quilibr\u00e9e, ni \u00e0 un mode de vie sain, ni \u00e0 un suivi m\u00e9dical. Ce produit n&#8217;est pas un m\u00e9dicament. Tenir hors de port\u00e9e des enfants. A \u00e9viter chez les femmes enceintes et les enfants de moins de 3 ans. Contre-indiqu\u00e9 chez les personnes allergiques aux produits de la ruche.<\/p>\n<p><em>COMPOSITION<\/em><br \/>\nGomme arabique * (47%), Sucre roux *, Miel * (18%), Extrait de Propolis * (3%), Ar\u00f4mes naturels de Citron et d&#8217;An\u00e9thol (0,4 %),\u00a0 Traces de Cire de Carnauba * d&#8217;huile v\u00e9g\u00e9tale * et d&#8217;Amidon de Ma\u00efs non OGM. Peut contenir des traces de fruits \u00e0 coque et d&#8217;oeuf. * Ingr\u00e9dients issus de l&#8217;agriculture biologique. Poids net: 45 g.<\/p>\n<p><em>LABORATOIRE<\/em><br \/>\nApimab<\/p>\n<\/div>\n","protected":false},"excerpt":{"rendered":"<p>Gommes Propolis &#8211; Miel bio &#8211; 45 gr &#8211; Propolia sont des gommes de Propolis \u00e0 sucer. La Propolis conf\u00e8re aux gommes Propolis un r\u00e9el pouvoir d\u00e9gageant qui s&#8217;ajoute \u00e0 l&#8217;action adoucissante de la Gomme Arabique et du Miel. Ces gommes riches en ingr\u00e9dients bIo sont tr\u00e8s utiles d\u00e8s les [&hellip;]<\/p>\n","protected":false},"featured_media":179,"template":"","meta":[],"class_list":{"0":"post-178","1":"product","2":"type-product","3":"status-publish","4":"has-post-thumbnail","6":"product_cat-apitherapie","8":"first","9":"instock","10":"shipping-taxable","11":"purchasable","12":"product-type-simple"},"aioseo_notices":[],"_links":{"self":[{"href":"https:\/\/les-ruches-de-la-limagne.ovh\/index.php?rest_route=\/wp\/v2\/product\/178","targetHints":{"allow":["GET"]}}],"collection":[{"href":"https:\/\/les-ruches-de-la-limagne.ovh\/index.php?rest_route=\/wp\/v2\/product"}],"about":[{"href":"https:\/\/les-ruches-de-la-limagne.ovh\/index.php?rest_route=\/wp\/v2\/types\/product"}],"wp:featuredmedia":[{"embeddable":true,"href":"https:\/\/les-ruches-de-la-limagne.ovh\/index.php?rest_route=\/wp\/v2\/media\/179"}],"wp:attachment":[{"href":"https:\/\/les-ruches-de-la-limagne.ovh\/index.php?rest_route=%2Fwp%2Fv2%2Fmedia&parent=178"}],"curies":[{"name":"wp","href":"https:\/\/api.w.org\/{rel}","templated":true}]}}