{"id":180,"date":"2020-11-18T15:48:36","date_gmt":"2020-11-18T14:48:36","guid":{"rendered":"http:\/\/les-ruches-de-la-limagne.ovh\/?post_type=product&#038;p=180"},"modified":"2022-08-04T11:04:31","modified_gmt":"2022-08-04T09:04:31","slug":"prodontal-spray-bouche-et-gorge-propolis-miel-et-plantes-15-ml","status":"publish","type":"product","link":"https:\/\/les-ruches-de-la-limagne.ovh\/?product=prodontal-spray-bouche-et-gorge-propolis-miel-et-plantes-15-ml","title":{"rendered":"PRODONTAL Spray bouche et gorge propolis, miel et plantes 15 ml"},"content":{"rendered":"<p>Ce spray compos\u00e9 de plantes comme l&#8217;eucalyptus, la sauge, la cannelle et la propolis vous permettra de d\u00e9gager les voies respiratoires sup\u00e9rieures en cas de rhume, bronchite, grippe. Ce spray sera tr\u00e8s utile \u00e0 toute la famille.<\/p>\n<p>Flacon de 15 ml<\/p>\n","protected":false},"excerpt":{"rendered":"<p>Ce spray compos\u00e9 de plantes comme l&#8217;eucalyptus, la sauge, la cannelle et la propolis vous permettra de d\u00e9gager les voies respiratoires sup\u00e9rieures en cas de rhume, bronchite, grippe. Ce spray sera tr\u00e8s utile \u00e0 toute la famille. Flacon de 15 ml<\/p>\n","protected":false},"featured_media":181,"template":"","meta":[],"class_list":{"0":"post-180","1":"product","2":"type-product","3":"status-publish","4":"has-post-thumbnail","6":"product_cat-apitherapie","8":"first","9":"instock","10":"shipping-taxable","11":"purchasable","12":"product-type-simple"},"aioseo_notices":[],"_links":{"self":[{"href":"https:\/\/les-ruches-de-la-limagne.ovh\/index.php?rest_route=\/wp\/v2\/product\/180","targetHints":{"allow":["GET"]}}],"collection":[{"href":"https:\/\/les-ruches-de-la-limagne.ovh\/index.php?rest_route=\/wp\/v2\/product"}],"about":[{"href":"https:\/\/les-ruches-de-la-limagne.ovh\/index.php?rest_route=\/wp\/v2\/types\/product"}],"wp:featuredmedia":[{"embeddable":true,"href":"https:\/\/les-ruches-de-la-limagne.ovh\/index.php?rest_route=\/wp\/v2\/media\/181"}],"wp:attachment":[{"href":"https:\/\/les-ruches-de-la-limagne.ovh\/index.php?rest_route=%2Fwp%2Fv2%2Fmedia&parent=180"}],"curies":[{"name":"wp","href":"https:\/\/api.w.org\/{rel}","templated":true}]}}