{"id":182,"date":"2020-11-18T15:52:20","date_gmt":"2020-11-18T14:52:20","guid":{"rendered":"http:\/\/les-ruches-de-la-limagne.ovh\/?post_type=product&#038;p=182"},"modified":"2022-08-04T11:04:07","modified_gmt":"2022-08-04T09:04:07","slug":"propolis-huileuse-concentree","status":"publish","type":"product","link":"https:\/\/les-ruches-de-la-limagne.ovh\/?product=propolis-huileuse-concentree","title":{"rendered":"Propolis huileuse concentr\u00e9e."},"content":{"rendered":"<p>Compl\u00e9ment alimentaire sans conservateurs ni ar\u00f4mes. Flacon de 15 ml.<\/p>\n<p>Ingr\u00e9dients : extrait de propolis (\u00e9labor\u00e9 \u00e0 partir de propolis brute origine France) ; glyc\u00e9rine v\u00e9g\u00e9tale ; huile d&#8217;olive.<\/p>\n<p>Analyse pour 3g (D.J.R.): propolis 300mg, huile d&#8217;olive 150mg<\/p>\n<p>Conseils d&#8217;utilisation : une pipette \u2013 environ 18 gouttes (environ 1g) \u2013 dans une cuill\u00e8re \u00e0 caf\u00e9 de miel &#8211; 3 fois par jour entre les repas soit environ 3g\/jour. Enfants de plus de 6 ans: 9 gouttes (env.0.5g)<\/p>\n<p>&nbsp;<\/p>\n<table class=\"productComment five-stars\">\n<tbody>\n<tr>\n<td><\/td>\n<td><span class=\"comment_content\">Tr\u00e8s bon produit naturel qui aide \u00e0 combattre le rhume et les affections de l\u2019hiver. Tr\u00e8s efficace contre les maux de gorge, adoucit instantan\u00e9ment et calme. Tr\u00e8s bon pour le syst\u00e8me immunitaire.<\/span><\/td>\n<\/tr>\n<\/tbody>\n<\/table>\n","protected":false},"excerpt":{"rendered":"<p>Compl\u00e9ment alimentaire sans conservateurs ni ar\u00f4mes. Flacon de 15 ml. Ingr\u00e9dients : extrait de propolis (\u00e9labor\u00e9 \u00e0 partir de propolis brute origine France) ; glyc\u00e9rine v\u00e9g\u00e9tale ; huile d&#8217;olive. Analyse pour 3g (D.J.R.): propolis 300mg, huile d&#8217;olive 150mg Conseils d&#8217;utilisation : une pipette \u2013 environ 18 gouttes (environ 1g) \u2013 [&hellip;]<\/p>\n","protected":false},"featured_media":183,"template":"","meta":[],"class_list":{"0":"post-182","1":"product","2":"type-product","3":"status-publish","4":"has-post-thumbnail","6":"product_cat-apitherapie","8":"first","9":"instock","10":"shipping-taxable","11":"purchasable","12":"product-type-simple"},"aioseo_notices":[],"_links":{"self":[{"href":"https:\/\/les-ruches-de-la-limagne.ovh\/index.php?rest_route=\/wp\/v2\/product\/182","targetHints":{"allow":["GET"]}}],"collection":[{"href":"https:\/\/les-ruches-de-la-limagne.ovh\/index.php?rest_route=\/wp\/v2\/product"}],"about":[{"href":"https:\/\/les-ruches-de-la-limagne.ovh\/index.php?rest_route=\/wp\/v2\/types\/product"}],"wp:featuredmedia":[{"embeddable":true,"href":"https:\/\/les-ruches-de-la-limagne.ovh\/index.php?rest_route=\/wp\/v2\/media\/183"}],"wp:attachment":[{"href":"https:\/\/les-ruches-de-la-limagne.ovh\/index.php?rest_route=%2Fwp%2Fv2%2Fmedia&parent=182"}],"curies":[{"name":"wp","href":"https:\/\/api.w.org\/{rel}","templated":true}]}}