{"id":643,"date":"2025-09-07T18:27:23","date_gmt":"2025-09-07T16:27:23","guid":{"rendered":"https:\/\/les-ruches-de-la-limagne.ovh\/?post_type=product&#038;p=643"},"modified":"2025-09-07T18:49:45","modified_gmt":"2025-09-07T16:49:45","slug":"reine-f0-sdi","status":"publish","type":"product","link":"https:\/\/les-ruches-de-la-limagne.ovh\/?product=reine-f0-sdi","title":{"rendered":"Reine F0 SDI"},"content":{"rendered":"<p>Une reine ins\u00e9min\u00e9e SDI est une reine ins\u00e9min\u00e9e gr\u00e2ce \u00e0 la semence d\u2019un seul m\u00e2le dont les parents sont \u00e0 caract\u00e8re VSH \u2a7e \u00e0 75 %.<br \/>\n(Varroa Sensitive Hygiene)<\/p>\n<p>Les reines SDI n\u2019ont g\u00e9n\u00e9ralement pas la m\u00eame long\u00e9vit\u00e9 que les reines de production. Il est donc important d\u2019en tirer des filles la m\u00eame ann\u00e9e, avant m\u00eame de tester le comportement VSH. Elles serviront de potentielles m\u00e8res de ruches \u00e0 m\u00e2les pour la suite pour l&#8217;am\u00e9lioration du cheptel.<\/p>\n<p>&nbsp;<\/p>\n","protected":false},"excerpt":{"rendered":"<p>Une reine ins\u00e9min\u00e9e SDI est une reine ins\u00e9min\u00e9e gr\u00e2ce \u00e0 la semence d\u2019un seul m\u00e2le dont les parents sont \u00e0 caract\u00e8re VSH \u2a7e \u00e0 75 %. (Varroa Sensitive Hygiene) Les reines SDI n\u2019ont g\u00e9n\u00e9ralement pas la m\u00eame long\u00e9vit\u00e9 que les reines de production. Il est donc important d\u2019en tirer des [&hellip;]<\/p>\n","protected":false},"featured_media":0,"template":"","meta":[],"class_list":{"0":"post-643","1":"product","2":"type-product","3":"status-publish","5":"product_cat-reines","7":"first","8":"instock","9":"shipping-taxable","10":"purchasable","11":"product-type-simple"},"aioseo_notices":[],"_links":{"self":[{"href":"https:\/\/les-ruches-de-la-limagne.ovh\/index.php?rest_route=\/wp\/v2\/product\/643","targetHints":{"allow":["GET"]}}],"collection":[{"href":"https:\/\/les-ruches-de-la-limagne.ovh\/index.php?rest_route=\/wp\/v2\/product"}],"about":[{"href":"https:\/\/les-ruches-de-la-limagne.ovh\/index.php?rest_route=\/wp\/v2\/types\/product"}],"wp:attachment":[{"href":"https:\/\/les-ruches-de-la-limagne.ovh\/index.php?rest_route=%2Fwp%2Fv2%2Fmedia&parent=643"}],"curies":[{"name":"wp","href":"https:\/\/api.w.org\/{rel}","templated":true}]}}