{"id":645,"date":"2025-09-07T18:28:49","date_gmt":"2025-09-07T16:28:49","guid":{"rendered":"https:\/\/les-ruches-de-la-limagne.ovh\/?post_type=product&#038;p=645"},"modified":"2025-09-07T18:51:21","modified_gmt":"2025-09-07T16:51:21","slug":"reine-buckfast-f1","status":"publish","type":"product","link":"https:\/\/les-ruches-de-la-limagne.ovh\/?product=reine-buckfast-f1","title":{"rendered":"Reine Buckfast F1"},"content":{"rendered":"<p>Reines F\u00e9cond\u00e9s au ruch\u00e9 satur\u00e9 en m\u00e2les buckfast .<\/p>\n<p>Disponible suivant m\u00e9t\u00e9o de Avril \u00e0 Septembre .<\/p>\n","protected":false},"excerpt":{"rendered":"<p>Reines F\u00e9cond\u00e9s au ruch\u00e9 satur\u00e9 en m\u00e2les buckfast . Disponible suivant m\u00e9t\u00e9o de Avril \u00e0 Septembre .<\/p>\n","protected":false},"featured_media":660,"template":"","meta":[],"class_list":{"0":"post-645","1":"product","2":"type-product","3":"status-publish","4":"has-post-thumbnail","6":"product_cat-reines","8":"first","9":"instock","10":"sale","11":"shipping-taxable","12":"purchasable","13":"product-type-simple"},"aioseo_notices":[],"_links":{"self":[{"href":"https:\/\/les-ruches-de-la-limagne.ovh\/index.php?rest_route=\/wp\/v2\/product\/645","targetHints":{"allow":["GET"]}}],"collection":[{"href":"https:\/\/les-ruches-de-la-limagne.ovh\/index.php?rest_route=\/wp\/v2\/product"}],"about":[{"href":"https:\/\/les-ruches-de-la-limagne.ovh\/index.php?rest_route=\/wp\/v2\/types\/product"}],"wp:featuredmedia":[{"embeddable":true,"href":"https:\/\/les-ruches-de-la-limagne.ovh\/index.php?rest_route=\/wp\/v2\/media\/660"}],"wp:attachment":[{"href":"https:\/\/les-ruches-de-la-limagne.ovh\/index.php?rest_route=%2Fwp%2Fv2%2Fmedia&parent=645"}],"curies":[{"name":"wp","href":"https:\/\/api.w.org\/{rel}","templated":true}]}}