{"id":646,"date":"2025-09-07T18:29:56","date_gmt":"2025-09-07T16:29:56","guid":{"rendered":"https:\/\/les-ruches-de-la-limagne.ovh\/?post_type=product&#038;p=646"},"modified":"2025-09-07T18:41:41","modified_gmt":"2025-09-07T16:41:41","slug":"reine-f0-buckfast","status":"publish","type":"product","link":"https:\/\/les-ruches-de-la-limagne.ovh\/?product=reine-f0-buckfast","title":{"rendered":"Reine F0 Buckfast"},"content":{"rendered":"<p><strong>Reine F0 Reproductrice Disponible a partir de Juin 2026 .<\/strong><\/p>\n<p>L&#8217;int\u00e9r\u00eat des reines ins\u00e9min\u00e9es est de b\u00e9n\u00e9ficier d&#8217;un travail de s\u00e9lection afin des b\u00e9n\u00e9ficier pour son exploitation des meilleurs g\u00e9n\u00e9tiques.<\/p>\n<p>La s\u00e9lection est bas\u00e9 sur la r\u00e9sistance aux maladies et parasites des ruches, le faible essaimage, la production de miel, et la faible consommation Hivernale.<\/p>\n<p><strong>Les reines sont ins\u00e9min\u00e9es par mes soins. Teste de la ponte sur 3 semaines.<br \/>\n<\/strong><\/p>\n<p>Mes p\u00e9digr\u00e9es et cotations sont disponible sur <a href=\"https:\/\/www.index-mellifera.org\/breeder\/1116\/\">Index Melifera<\/a><\/p>\n","protected":false},"excerpt":{"rendered":"<p>Reine F0 Reproductrice Disponible a partir de Juin 2026 . L&#8217;int\u00e9r\u00eat des reines ins\u00e9min\u00e9es est de b\u00e9n\u00e9ficier d&#8217;un travail de s\u00e9lection afin des b\u00e9n\u00e9ficier pour son exploitation des meilleurs g\u00e9n\u00e9tiques. La s\u00e9lection est bas\u00e9 sur la r\u00e9sistance aux maladies et parasites des ruches, le faible essaimage, la production de miel, [&hellip;]<\/p>\n","protected":false},"featured_media":8,"template":"","meta":[],"class_list":{"0":"post-646","1":"product","2":"type-product","3":"status-publish","4":"has-post-thumbnail","6":"product_cat-reines","8":"first","9":"instock","10":"sale","11":"shipping-taxable","12":"purchasable","13":"product-type-simple"},"aioseo_notices":[],"_links":{"self":[{"href":"https:\/\/les-ruches-de-la-limagne.ovh\/index.php?rest_route=\/wp\/v2\/product\/646","targetHints":{"allow":["GET"]}}],"collection":[{"href":"https:\/\/les-ruches-de-la-limagne.ovh\/index.php?rest_route=\/wp\/v2\/product"}],"about":[{"href":"https:\/\/les-ruches-de-la-limagne.ovh\/index.php?rest_route=\/wp\/v2\/types\/product"}],"wp:featuredmedia":[{"embeddable":true,"href":"https:\/\/les-ruches-de-la-limagne.ovh\/index.php?rest_route=\/wp\/v2\/media\/8"}],"wp:attachment":[{"href":"https:\/\/les-ruches-de-la-limagne.ovh\/index.php?rest_route=%2Fwp%2Fv2%2Fmedia&parent=646"}],"curies":[{"name":"wp","href":"https:\/\/api.w.org\/{rel}","templated":true}]}}