{"id":650,"date":"2025-09-07T18:33:39","date_gmt":"2025-09-07T16:33:39","guid":{"rendered":"https:\/\/les-ruches-de-la-limagne.ovh\/?post_type=product&#038;p=650"},"modified":"2026-01-02T09:12:47","modified_gmt":"2026-01-02T08:12:47","slug":"essaim-hiverne-sur-6-cadres-livraison-debut-avril-reine-2025-buckfast-f1","status":"publish","type":"product","link":"https:\/\/les-ruches-de-la-limagne.ovh\/?product=essaim-hiverne-sur-6-cadres-livraison-debut-avril-reine-2025-buckfast-f1","title":{"rendered":"Essaim Hivern\u00e9 sur 6 cadres, livraison D\u00e9but Avril Reine 2025 Buckfast F1"},"content":{"rendered":"<p>Essaim Hivern\u00e9 sur 6 cadres, livraison D\u00e9but Avril<\/p>\n<p>Reine Buckfast F1 2025<\/p>\n","protected":false},"excerpt":{"rendered":"<p>Essaim Hivern\u00e9 sur 6 cadres, livraison D\u00e9but Avril Reine Buckfast F1 2025<\/p>\n","protected":false},"featured_media":652,"template":"","meta":[],"class_list":{"0":"post-650","1":"product","2":"type-product","3":"status-publish","4":"has-post-thumbnail","6":"product_cat-reines","8":"first","9":"instock","10":"shipping-taxable","11":"purchasable","12":"product-type-simple"},"aioseo_notices":[],"_links":{"self":[{"href":"https:\/\/les-ruches-de-la-limagne.ovh\/index.php?rest_route=\/wp\/v2\/product\/650","targetHints":{"allow":["GET"]}}],"collection":[{"href":"https:\/\/les-ruches-de-la-limagne.ovh\/index.php?rest_route=\/wp\/v2\/product"}],"about":[{"href":"https:\/\/les-ruches-de-la-limagne.ovh\/index.php?rest_route=\/wp\/v2\/types\/product"}],"wp:featuredmedia":[{"embeddable":true,"href":"https:\/\/les-ruches-de-la-limagne.ovh\/index.php?rest_route=\/wp\/v2\/media\/652"}],"wp:attachment":[{"href":"https:\/\/les-ruches-de-la-limagne.ovh\/index.php?rest_route=%2Fwp%2Fv2%2Fmedia&parent=650"}],"curies":[{"name":"wp","href":"https:\/\/api.w.org\/{rel}","templated":true}]}}