{"id":80,"date":"2020-08-30T09:26:31","date_gmt":"2020-08-30T07:26:31","guid":{"rendered":"http:\/\/les-ruches-de-la-limagne.ovh\/?post_type=product&#038;p=80"},"modified":"2025-01-23T22:58:38","modified_gmt":"2025-01-23T21:58:38","slug":"miel-dacacia","status":"publish","type":"product","link":"https:\/\/les-ruches-de-la-limagne.ovh\/?product=miel-dacacia","title":{"rendered":"Miel de tilleul M\u00e9daille d&#8217;argent"},"content":{"rendered":"<p><img loading=\"lazy\" decoding=\"async\" src=\"http:\/\/les-ruches-de-la-limagne.ovh\/wp-content\/uploads\/2020\/08\/abeille-tilleul-1-300x167.jpg\" alt=\"\" width=\"300\" height=\"167\" class=\"alignnone size-medium wp-image-495\" srcset=\"https:\/\/les-ruches-de-la-limagne.ovh\/wp-content\/uploads\/2020\/08\/abeille-tilleul-1-300x167.jpg 300w, https:\/\/les-ruches-de-la-limagne.ovh\/wp-content\/uploads\/2020\/08\/abeille-tilleul-1-1024x568.jpg 1024w, https:\/\/les-ruches-de-la-limagne.ovh\/wp-content\/uploads\/2020\/08\/abeille-tilleul-1-768x426.jpg 768w, https:\/\/les-ruches-de-la-limagne.ovh\/wp-content\/uploads\/2020\/08\/abeille-tilleul-1-600x333.jpg 600w, https:\/\/les-ruches-de-la-limagne.ovh\/wp-content\/uploads\/2020\/08\/abeille-tilleul-1.jpg 1200w\" sizes=\"auto, (max-width: 300px) 100vw, 300px\" \/><\/p>\n","protected":false},"excerpt":{"rendered":"<p><strong>Miel De printemps.<\/strong><\/p>\n<p><em>R\u00e9colter\u00a0 en foret sur Crevant Laveine .<\/em><\/p>\n<p>Zone sans agriculture intensive et tr\u00e8s pr\u00e9server .<\/p>\n<p><strong>Gout:\u00a0<\/strong><\/p>\n<p>Savoureux tr\u00e8s floral, ce miel d\u00e9gage le parfum puissant de la fleur de tilleul.<\/p>\n<p>C&#8217;est un miel au go\u00fbt menthol\u00e9 tr\u00e8s typique qui reste cr\u00e9meux tr\u00e8s longtemps.<\/p>\n<p><strong>Apith\u00e9rapie:<\/strong><\/p>\n<p>Il contient des oligo\u00e9l\u00e9ments (potassium, calcium, et mangan\u00e8se)<\/p>\n<p>La fleur de tilleul est reconnue pour ses vertus calmantes antispasmodiques et f\u00e9brifuges.<\/p>\n<p>Elle calme les migraines et les douleurs gastriques.<\/p>\n","protected":false},"featured_media":401,"template":"","meta":[],"class_list":{"0":"post-80","1":"product","2":"type-product","3":"status-publish","4":"has-post-thumbnail","6":"product_cat-miel","8":"first","9":"instock","10":"featured","11":"shipping-taxable","12":"purchasable","13":"product-type-variable"},"aioseo_notices":[],"_links":{"self":[{"href":"https:\/\/les-ruches-de-la-limagne.ovh\/index.php?rest_route=\/wp\/v2\/product\/80","targetHints":{"allow":["GET"]}}],"collection":[{"href":"https:\/\/les-ruches-de-la-limagne.ovh\/index.php?rest_route=\/wp\/v2\/product"}],"about":[{"href":"https:\/\/les-ruches-de-la-limagne.ovh\/index.php?rest_route=\/wp\/v2\/types\/product"}],"wp:featuredmedia":[{"embeddable":true,"href":"https:\/\/les-ruches-de-la-limagne.ovh\/index.php?rest_route=\/wp\/v2\/media\/401"}],"wp:attachment":[{"href":"https:\/\/les-ruches-de-la-limagne.ovh\/index.php?rest_route=%2Fwp%2Fv2%2Fmedia&parent=80"}],"curies":[{"name":"wp","href":"https:\/\/api.w.org\/{rel}","templated":true}]}}