{"id":91,"date":"2020-10-07T17:59:01","date_gmt":"2020-10-07T15:59:01","guid":{"rendered":"http:\/\/les-ruches-de-la-limagne.ovh\/?post_type=product&#038;p=91"},"modified":"2025-01-23T22:58:37","modified_gmt":"2025-01-23T21:58:37","slug":"miel-d-acacia","status":"publish","type":"product","link":"https:\/\/les-ruches-de-la-limagne.ovh\/?product=miel-d-acacia","title":{"rendered":"Miel d acacia M\u00e9daille d&#8217;or."},"content":{"rendered":"<p>M\u00e9daille D&#8217;or des Miel d&#8217;acacia d&#8217;auvergne.<\/p>\n<p><img loading=\"lazy\" decoding=\"async\" src=\"http:\/\/les-ruches-de-la-limagne.ovh\/wp-content\/uploads\/2022\/11\/medailles-300x146.jpg\" alt=\"\" width=\"300\" height=\"146\" class=\"size-medium wp-image-400 alignleft\" srcset=\"https:\/\/les-ruches-de-la-limagne.ovh\/wp-content\/uploads\/2022\/11\/medailles-300x146.jpg 300w, https:\/\/les-ruches-de-la-limagne.ovh\/wp-content\/uploads\/2022\/11\/medailles-1024x498.jpg 1024w, https:\/\/les-ruches-de-la-limagne.ovh\/wp-content\/uploads\/2022\/11\/medailles-768x374.jpg 768w, https:\/\/les-ruches-de-la-limagne.ovh\/wp-content\/uploads\/2022\/11\/medailles-1536x747.jpg 1536w, https:\/\/les-ruches-de-la-limagne.ovh\/wp-content\/uploads\/2022\/11\/medailles-600x292.jpg 600w, https:\/\/les-ruches-de-la-limagne.ovh\/wp-content\/uploads\/2022\/11\/medailles.jpg 2048w\" sizes=\"auto, (max-width: 300px) 100vw, 300px\" \/><\/p>\n<p>&nbsp;<\/p>\n","protected":false},"excerpt":{"rendered":"<p><strong>Miel d&#8217;acacia .<\/strong><\/p>\n<p><em>R\u00e9colter en\u00a0 foret d&#8217;acacia sur Crevant Laveine .<\/em><\/p>\n<p>Zone sans agriculture intensive et tr\u00e8s pr\u00e9server .<\/p>\n<p><strong>Gout:\u00a0<\/strong><\/p>\n<p>Savoureux et tr\u00e8s parfum\u00e9 (floral), il est id\u00e9al pour sucrer les boissons froides ou chaudes.<\/p>\n<p>Peu intense mais d\u00e9licat, il exprime en bouche une douceur unique. Il sera appr\u00e9ci\u00e9 par tous, y compris des tr\u00e8s jeunes enfants.<\/p>\n<p><strong>Apith\u00e9rapie:<\/strong><\/p>\n<p>Consid\u00e9r\u00e9 comme un r\u00e9gulateur intestinal, il est recommand\u00e9 pour les jeunes enfants.<a href=\"https:\/\/www.mielinfrance.fr\/boutique\/miel-de-france\/54-miel-de-chataignier.html\" class=\"LinkIn\"><\/a><\/p>\n","protected":false},"featured_media":397,"template":"","meta":[],"class_list":{"0":"post-91","1":"product","2":"type-product","3":"status-publish","4":"has-post-thumbnail","6":"product_cat-miel","8":"first","9":"instock","10":"featured","11":"shipping-taxable","12":"purchasable","13":"product-type-variable"},"aioseo_notices":[],"_links":{"self":[{"href":"https:\/\/les-ruches-de-la-limagne.ovh\/index.php?rest_route=\/wp\/v2\/product\/91","targetHints":{"allow":["GET"]}}],"collection":[{"href":"https:\/\/les-ruches-de-la-limagne.ovh\/index.php?rest_route=\/wp\/v2\/product"}],"about":[{"href":"https:\/\/les-ruches-de-la-limagne.ovh\/index.php?rest_route=\/wp\/v2\/types\/product"}],"wp:featuredmedia":[{"embeddable":true,"href":"https:\/\/les-ruches-de-la-limagne.ovh\/index.php?rest_route=\/wp\/v2\/media\/397"}],"wp:attachment":[{"href":"https:\/\/les-ruches-de-la-limagne.ovh\/index.php?rest_route=%2Fwp%2Fv2%2Fmedia&parent=91"}],"curies":[{"name":"wp","href":"https:\/\/api.w.org\/{rel}","templated":true}]}}