{"id":93,"date":"2020-10-07T18:14:09","date_gmt":"2020-10-07T16:14:09","guid":{"rendered":"http:\/\/les-ruches-de-la-limagne.ovh\/?post_type=product&#038;p=93"},"modified":"2025-01-27T06:58:17","modified_gmt":"2025-01-27T05:58:17","slug":"miel-toutes-fleurs-dete","status":"publish","type":"product","link":"https:\/\/les-ruches-de-la-limagne.ovh\/?product=miel-toutes-fleurs-dete","title":{"rendered":"Miel toutes fleurs d&#8217;\u00e9t\u00e9"},"content":{"rendered":"","protected":false},"excerpt":{"rendered":"<p><strong>Miel toutes fleurs d&#8217;\u00e9te.<\/strong><\/p>\n<p><em>R\u00e9colter\u00a0 en prairie sur Crevant Laveine .<\/em><\/p>\n<p>Zone sans agriculture intensive et tr\u00e8s pr\u00e9server .<\/p>\n<p><strong>Gout:\u00a0<\/strong><\/p>\n<p>Miel a dominance de tournesol, et de luzerne .<\/p>\n<p>De couleur claire et dor\u00e9e \u00e0 la r\u00e9colte, le miel \u00a0se teinte l\u00e9g\u00e8rement lorsqu&#8217;il cristallise. Sa cristallisation est d&#8217;ailleurs tr\u00e8s fine, c&#8217;est \u00e0 dire qu&#8217;il n&#8217;y a pas de granulation. Son ar\u00f4me est l\u00e9ger et son go\u00fbt est tr\u00e8s doux, discr\u00e8tement fruit\u00e9, il rappellent le miel d&#8217;acacia.<\/p>\n<p><strong>Apith\u00e9rapie:<\/strong><\/p>\n<p><strong>Ce miel contient du calcium, bore et silicium.<\/strong><\/p>\n<p><strong>R\u00e9put\u00e9 pour ses bienfaits \u00e9nerg\u00e9tiques, ce miel est conseill\u00e9 aux sportifs et aux personnes fatigu\u00e9es ou convalescentes. <\/strong><\/p>\n","protected":false},"featured_media":496,"template":"","meta":[],"class_list":{"0":"post-93","1":"product","2":"type-product","3":"status-publish","4":"has-post-thumbnail","6":"product_cat-miel","8":"first","9":"instock","10":"shipping-taxable","11":"purchasable","12":"product-type-variable"},"aioseo_notices":[],"_links":{"self":[{"href":"https:\/\/les-ruches-de-la-limagne.ovh\/index.php?rest_route=\/wp\/v2\/product\/93","targetHints":{"allow":["GET"]}}],"collection":[{"href":"https:\/\/les-ruches-de-la-limagne.ovh\/index.php?rest_route=\/wp\/v2\/product"}],"about":[{"href":"https:\/\/les-ruches-de-la-limagne.ovh\/index.php?rest_route=\/wp\/v2\/types\/product"}],"wp:featuredmedia":[{"embeddable":true,"href":"https:\/\/les-ruches-de-la-limagne.ovh\/index.php?rest_route=\/wp\/v2\/media\/496"}],"wp:attachment":[{"href":"https:\/\/les-ruches-de-la-limagne.ovh\/index.php?rest_route=%2Fwp%2Fv2%2Fmedia&parent=93"}],"curies":[{"name":"wp","href":"https:\/\/api.w.org\/{rel}","templated":true}]}}